{"id":40,"date":"2020-12-28T19:43:41","date_gmt":"2020-12-28T18:43:41","guid":{"rendered":"http:\/\/amelievenisse.com\/?page_id=40"},"modified":"2021-01-14T10:33:11","modified_gmt":"2021-01-14T09:33:11","slug":"mllecerise","status":"publish","type":"page","link":"https:\/\/amelievenisse.com\/fr\/mllecerise\/","title":{"rendered":"Mlle Cerise"},"content":{"rendered":"\n[et_pb_section fb_built=&#8221;1&#8243; admin_label=&#8221;section&#8221; _builder_version=&#8221;4.7.7&#8243; background_image=&#8221;http:\/\/amelievenisse.com\/wp-content\/uploads\/2020\/12\/fond1.jpg&#8221; parallax=&#8221;on&#8221; parallax_method=&#8221;off&#8221; custom_margin=&#8221;-80px||0px||false|false&#8221; custom_margin_tablet=&#8221;&#8221; custom_margin_phone=&#8221;0px||0px||false|false&#8221; custom_margin_last_edited=&#8221;on|desktop&#8221; custom_padding=&#8221;||2em||false|false&#8221; background_last_edited=&#8221;on|phone&#8221; use_background_color_gradient_phone=&#8221;off&#8221; background_color_gradient_start_phone=&#8221;#2b87da&#8221; background_color_gradient_end_phone=&#8221;#29c4a9&#8243; background_image_phone=&#8221;http:\/\/amelievenisse.com\/wp-content\/uploads\/2020\/12\/fond1.jpg&#8221; background_enable_image_phone=&#8221;on&#8221; parallax_phone=&#8221;off&#8221; background_size_phone=&#8221;initial&#8221; background_position_phone=&#8221;top_center&#8221; background_repeat_phone=&#8221;repeat-y&#8221; title_text_phone=&#8221;fond1&#8243;][et_pb_row _builder_version=&#8221;4.7.7&#8243; _module_preset=&#8221;default&#8221; width_tablet=&#8221;&#8221; width_phone=&#8221;100%&#8221; width_last_edited=&#8221;on|phone&#8221; hover_enabled=&#8221;0&#8243; background_color_phone=&#8221;#a51800&#8243; background_last_edited=&#8221;on|phone&#8221; background_enable_color_phone=&#8221;on&#8221; custom_margin=&#8221;2em||||false|false&#8221; sticky_enabled=&#8221;0&#8243;][et_pb_column type=&#8221;4_4&#8243; _builder_version=&#8221;4.7.7&#8243; _module_preset=&#8221;default&#8221;][et_pb_text _builder_version=&#8221;4.7.7&#8243; _module_preset=&#8221;default&#8221; text_text_color=&#8221;#ffffff&#8221; header_font=&#8221;LittleOTF||||||||&#8221; header_text_color=&#8221;#ffffff&#8221; header_font_size=&#8221;4em&#8221; background_image=&#8221;http:\/\/amelievenisse.com\/wp-content\/uploads\/2020\/12\/fondtext1.png&#8221; background_size=&#8221;contain&#8221; text_orientation=&#8221;center&#8221; max_width=&#8221;90%&#8221; module_alignment=&#8221;center&#8221; custom_margin=&#8221;|0px||0px|false|false&#8221; custom_padding=&#8221;7%|5%|18%|5%|false|true&#8221; custom_padding_tablet=&#8221;&#8221; custom_padding_phone=&#8221;8%|2%|16%|2%|false|true&#8221; custom_padding_last_edited=&#8221;on|phone&#8221;]<h1 style=\"text-align: center;\">Mademoiselle Cerise<\/h1>\n<p style=\"text-align: center;\">Avec sa jolie robe de soir\u00e9e et ses jambes interminables, Mademoiselle Cerise se fait \u00e9l\u00e9gante\u2026<br \/> D\u2019un illogisme d\u00e9routant, rarement efficace mais toujours volontaire, Mademoiselle Cerise ne parle pas, elle chante. Parfois elle s\u2019habille de son accord\u00e9on, s\u2019entoure d\u2019un soubassophone et s\u2019envole avec ses notes de musique\u2026<\/p>[\/et_pb_text][et_pb_toggle title=&#8221;Extraits vid\u00e9o&#8221; open_toggle_text_color=&#8221;#ffffff&#8221; _builder_version=&#8221;4.7.7&#8243; _module_preset=&#8221;default&#8221; title_text_color=&#8221;#ffffff&#8221; title_level=&#8221;h2&#8243; title_font=&#8221;Abel|700|||on||||&#8221; title_text_align=&#8221;center&#8221; title_font_size=&#8221;1.8em&#8221; title_letter_spacing=&#8221;2px&#8221; closed_title_text_align=&#8221;center&#8221; closed_title_font_size=&#8221;1.8em&#8221; closed_title_letter_spacing=&#8221;1px&#8221; background_color=&#8221;rgba(0,0,0,0)&#8221; width=&#8221;82%&#8221; width_tablet=&#8221;&#8221; width_phone=&#8221;100%&#8221; width_last_edited=&#8221;on|phone&#8221; module_alignment=&#8221;center&#8221; custom_margin=&#8221;-14em||||false|false&#8221; custom_margin_tablet=&#8221;&#8221; custom_margin_phone=&#8221;-9%||||false|false&#8221; custom_margin_last_edited=&#8221;on|phone&#8221; custom_padding=&#8221;|||6em|false|false&#8221; custom_padding_tablet=&#8221;&#8221; custom_padding_phone=&#8221;|0px||20px|false|false&#8221; custom_padding_last_edited=&#8221;on|phone&#8221; border_width_all=&#8221;0px&#8221;]<p style=\"text-align: center;\"><iframe src=\"https:\/\/www.youtube.com\/embed\/t0vbF-R05w4\" allow=\"accelerometer; autoplay; clipboard-write; encrypted-media; gyroscope; picture-in-picture\" allowfullscreen=\"\" width=\"560\" height=\"315\" frameborder=\"0\"><\/iframe><\/p>[\/et_pb_toggle][\/et_pb_column][\/et_pb_row][et_pb_row _builder_version=&#8221;4.7.7&#8243; _module_preset=&#8221;default&#8221; custom_margin=&#8221;-3em||||false|false&#8221;][et_pb_column type=&#8221;4_4&#8243; _builder_version=&#8221;4.7.7&#8243; _module_preset=&#8221;default&#8221;][et_pb_image src=&#8221;http:\/\/amelievenisse.com\/wp-content\/uploads\/2020\/12\/fond1.png&#8221; title_text=&#8221;fond1&#8243; align=&#8221;center&#8221; _builder_version=&#8221;4.7.7&#8243; _module_preset=&#8221;default&#8221; custom_margin=&#8221;4em||||false|false&#8221; custom_margin_tablet=&#8221;&#8221; custom_margin_phone=&#8221;&#8221; custom_margin_last_edited=&#8221;on|desktop&#8221;][\/et_pb_image][\/et_pb_column][\/et_pb_row][et_pb_row column_structure=&#8221;1_5,1_5,1_5,1_5,1_5&#8243; disabled_on=&#8221;on|off|off&#8221; _builder_version=&#8221;4.7.7&#8243; _module_preset=&#8221;default&#8221; transform_scale_linked=&#8221;off&#8221; transform_translate=&#8221;0px|-20px&#8221; transform_translate_linked=&#8221;off&#8221; width_tablet=&#8221;&#8221; width_phone=&#8221;&#8221; width_last_edited=&#8221;on|desktop&#8221; max_width=&#8221;65%&#8221; custom_margin=&#8221;-2em||6em||false|false&#8221; custom_padding=&#8221;0px|0px|6em|0px|false|false&#8221; hover_enabled=&#8221;0&#8243; sticky_enabled=&#8221;0&#8243;][et_pb_column type=&#8221;1_5&#8243; _builder_version=&#8221;4.7.7&#8243; _module_preset=&#8221;default&#8221;][dsm_perspective_image src=&#8221;http:\/\/amelievenisse.com\/wp-content\/uploads\/2021\/01\/cerisebtn1.png&#8221; title_text=&#8221;cerisebtn1&#8243; show_in_lightbox=&#8221;on&#8221; show_lightbox_other_img=&#8221;on&#8221; show_lightbox_other_img_src=&#8221;http:\/\/amelievenisse.com\/wp-content\/uploads\/2020\/12\/pop1.jpg&#8221; always_center_on_mobile=&#8221;off&#8221; _builder_version=&#8221;4.7.7&#8243; _module_preset=&#8221;default&#8221; background_enable_color=&#8221;off&#8221; module_alignment=&#8221;center&#8221; custom_css_main_element=&#8221;border-radius:20px;&#8221;][\/dsm_perspective_image][\/et_pb_column][et_pb_column type=&#8221;1_5&#8243; _builder_version=&#8221;4.7.7&#8243; _module_preset=&#8221;default&#8221;][dsm_perspective_image src=&#8221;http:\/\/amelievenisse.com\/wp-content\/uploads\/2021\/01\/cerisebtn2.png&#8221; title_text=&#8221;cerisebtn2&#8243; show_in_lightbox=&#8221;on&#8221; show_lightbox_other_img=&#8221;on&#8221; show_lightbox_other_img_src=&#8221;http:\/\/amelievenisse.com\/wp-content\/uploads\/2020\/12\/pop2.jpg&#8221; align=&#8221;center&#8221; _builder_version=&#8221;4.7.7&#8243; _module_preset=&#8221;default&#8221; background_enable_color=&#8221;off&#8221; width=&#8221;120%&#8221; max_width=&#8221;120%&#8221; custom_margin=&#8221;4em||||false|false&#8221; custom_padding=&#8221;|1em||1em|true|true&#8221; custom_css_main_element=&#8221;border-radius:20px;&#8221;][\/dsm_perspective_image][\/et_pb_column][et_pb_column type=&#8221;1_5&#8243; _builder_version=&#8221;4.7.7&#8243; _module_preset=&#8221;default&#8221;][dsm_perspective_image src=&#8221;http:\/\/amelievenisse.com\/wp-content\/uploads\/2021\/01\/cerisebtn3.png&#8221; title_text=&#8221;cerisebtn3&#8243; show_in_lightbox=&#8221;on&#8221; show_lightbox_other_img=&#8221;on&#8221; show_lightbox_other_img_src=&#8221;http:\/\/amelievenisse.com\/wp-content\/uploads\/2020\/12\/pop6.jpg&#8221; align=&#8221;center&#8221; _builder_version=&#8221;4.7.7&#8243; _module_preset=&#8221;default&#8221; background_enable_color=&#8221;off&#8221; custom_margin=&#8221;8em||||false|false&#8221; custom_padding=&#8221;||||false|false&#8221; custom_css_main_element=&#8221;border-radius:20px;&#8221;][\/dsm_perspective_image][\/et_pb_column][et_pb_column type=&#8221;1_5&#8243; _builder_version=&#8221;4.7.7&#8243; _module_preset=&#8221;default&#8221;][dsm_perspective_image src=&#8221;http:\/\/amelievenisse.com\/wp-content\/uploads\/2021\/01\/cerisebtn4.png&#8221; title_text=&#8221;cerisebtn4&#8243; show_in_lightbox=&#8221;on&#8221; show_lightbox_other_img=&#8221;on&#8221; show_lightbox_other_img_src=&#8221;http:\/\/amelievenisse.com\/wp-content\/uploads\/2020\/12\/pop4.jpg&#8221; align=&#8221;center&#8221; _builder_version=&#8221;4.7.7&#8243; _module_preset=&#8221;default&#8221; background_enable_color=&#8221;off&#8221; custom_margin=&#8221;4em||||false|false&#8221; custom_padding=&#8221;||||false|false&#8221; custom_css_main_element=&#8221;border-radius:20px;&#8221;][\/dsm_perspective_image][\/et_pb_column][et_pb_column type=&#8221;1_5&#8243; _builder_version=&#8221;4.7.7&#8243; _module_preset=&#8221;default&#8221;][dsm_perspective_image src=&#8221;http:\/\/amelievenisse.com\/wp-content\/uploads\/2021\/01\/cerisebtn5.png&#8221; title_text=&#8221;cerisebtn5&#8243; show_in_lightbox=&#8221;on&#8221; show_lightbox_other_img=&#8221;on&#8221; show_lightbox_other_img_src=&#8221;http:\/\/amelievenisse.com\/wp-content\/uploads\/2020\/12\/pop5.jpg&#8221; align=&#8221;center&#8221; _builder_version=&#8221;4.7.7&#8243; _module_preset=&#8221;default&#8221; background_enable_color=&#8221;off&#8221; custom_css_before=&#8221;opacity:0.6;&#8221; custom_css_main_element=&#8221;border-radius:20px;&#8221; custom_css_after=&#8221;opacity:1;&#8221;][\/dsm_perspective_image][\/et_pb_column][\/et_pb_row][et_pb_row disabled_on=&#8221;off|on|on&#8221; _builder_version=&#8221;4.7.7&#8243; _module_preset=&#8221;default&#8221;][et_pb_column type=&#8221;4_4&#8243; _builder_version=&#8221;4.7.7&#8243; _module_preset=&#8221;default&#8221;][dsm_perspective_image src=&#8221;http:\/\/amelievenisse.com\/wp-content\/uploads\/2020\/12\/pop1.jpg&#8221; title_text=&#8221;pop1&#8243; show_in_lightbox=&#8221;on&#8221; align=&#8221;center&#8221; _builder_version=&#8221;4.7.7&#8243; _module_preset=&#8221;default&#8221;][\/dsm_perspective_image][dsm_perspective_image src=&#8221;http:\/\/amelievenisse.com\/wp-content\/uploads\/2020\/12\/pop2.jpg&#8221; title_text=&#8221;pop2&#8243; show_in_lightbox=&#8221;on&#8221; align=&#8221;center&#8221; _builder_version=&#8221;4.7.7&#8243; _module_preset=&#8221;default&#8221;][\/dsm_perspective_image][dsm_perspective_image src=&#8221;http:\/\/amelievenisse.com\/wp-content\/uploads\/2020\/12\/pop6.jpg&#8221; title_text=&#8221;pop6&#8243; show_in_lightbox=&#8221;on&#8221; align=&#8221;center&#8221; _builder_version=&#8221;4.7.7&#8243; _module_preset=&#8221;default&#8221;][\/dsm_perspective_image][dsm_perspective_image src=&#8221;http:\/\/amelievenisse.com\/wp-content\/uploads\/2020\/12\/pop4.jpg&#8221; title_text=&#8221;pop4&#8243; show_in_lightbox=&#8221;on&#8221; align=&#8221;center&#8221; _builder_version=&#8221;4.7.7&#8243; _module_preset=&#8221;default&#8221;][\/dsm_perspective_image][dsm_perspective_image src=&#8221;http:\/\/amelievenisse.com\/wp-content\/uploads\/2020\/12\/pop5.jpg&#8221; title_text=&#8221;pop5&#8243; show_in_lightbox=&#8221;on&#8221; align=&#8221;center&#8221; _builder_version=&#8221;4.7.7&#8243; _module_preset=&#8221;default&#8221;][\/dsm_perspective_image][\/et_pb_column][\/et_pb_row][\/et_pb_section]\n","protected":false},"excerpt":{"rendered":"","protected":false},"author":1,"featured_media":0,"parent":0,"menu_order":0,"comment_status":"closed","ping_status":"closed","template":"","meta":{"_et_pb_use_builder":"on","_et_pb_old_content":"<!-- wp:divi\/placeholder \/-->","_et_gb_content_width":""},"yoast_head":"<!-- This site is optimized with the Yoast SEO plugin v15.7 - https:\/\/yoast.com\/wordpress\/plugins\/seo\/ -->\n<title>Mlle Cerise - Am\u00e9lie Venisse<\/title>\n<meta name=\"robots\" content=\"index, follow, max-snippet:-1, max-image-preview:large, max-video-preview:-1\" \/>\n<link rel=\"canonical\" href=\"https:\/\/amelievenisse.com\/fr\/mllecerise\/\" \/>\n<meta property=\"og:locale\" content=\"fr_FR\" \/>\n<meta property=\"og:type\" content=\"article\" \/>\n<meta property=\"og:title\" content=\"Mlle Cerise - Am\u00e9lie Venisse\" \/>\n<meta property=\"og:url\" content=\"https:\/\/amelievenisse.com\/fr\/mllecerise\/\" \/>\n<meta property=\"og:site_name\" content=\"Am\u00e9lie Venisse\" \/>\n<meta property=\"article:modified_time\" content=\"2021-01-14T09:33:11+00:00\" \/>\n<meta name=\"twitter:card\" content=\"summary_large_image\" \/>\n<meta name=\"twitter:label1\" content=\"Dur\u00e9e de lecture est.\">\n\t<meta name=\"twitter:data1\" content=\"2 minutes\">\n<script type=\"application\/ld+json\" class=\"yoast-schema-graph\">{\"@context\":\"https:\/\/schema.org\",\"@graph\":[{\"@type\":[\"Person\",\"Organization\"],\"@id\":\"https:\/\/amelievenisse.com\/fr\/#\/schema\/person\/66c68ba51654cd26f76e98f385b198f2\",\"name\":\"Am\\u00e9lie Venisse\",\"image\":{\"@type\":\"ImageObject\",\"@id\":\"https:\/\/amelievenisse.com\/fr\/#personlogo\",\"inLanguage\":\"fr-FR\",\"url\":\"https:\/\/secure.gravatar.com\/avatar\/cb783074550989b2a50916b1a5129942?s=96&d=mm&r=g\",\"caption\":\"Am\\u00e9lie Venisse\"},\"logo\":{\"@id\":\"https:\/\/amelievenisse.com\/fr\/#personlogo\"},\"sameAs\":[\"http:\/\/amelievenisse.com\"]},{\"@type\":\"WebSite\",\"@id\":\"https:\/\/amelievenisse.com\/fr\/#website\",\"url\":\"https:\/\/amelievenisse.com\/fr\/\",\"name\":\"Am\\u00e9lie Venisse\",\"description\":\"Artiste de cabaret\",\"publisher\":{\"@id\":\"https:\/\/amelievenisse.com\/fr\/#\/schema\/person\/66c68ba51654cd26f76e98f385b198f2\"},\"potentialAction\":[{\"@type\":\"SearchAction\",\"target\":\"https:\/\/amelievenisse.com\/fr\/?s={search_term_string}\",\"query-input\":\"required name=search_term_string\"}],\"inLanguage\":\"fr-FR\"},{\"@type\":\"WebPage\",\"@id\":\"https:\/\/amelievenisse.com\/fr\/mllecerise\/#webpage\",\"url\":\"https:\/\/amelievenisse.com\/fr\/mllecerise\/\",\"name\":\"Mlle Cerise - Am\\u00e9lie Venisse\",\"isPartOf\":{\"@id\":\"https:\/\/amelievenisse.com\/fr\/#website\"},\"datePublished\":\"2020-12-28T18:43:41+00:00\",\"dateModified\":\"2021-01-14T09:33:11+00:00\",\"inLanguage\":\"fr-FR\",\"potentialAction\":[{\"@type\":\"ReadAction\",\"target\":[\"https:\/\/amelievenisse.com\/fr\/mllecerise\/\"]}]}]}<\/script>\n<!-- \/ Yoast SEO plugin. -->","_links":{"self":[{"href":"https:\/\/amelievenisse.com\/fr\/wp-json\/wp\/v2\/pages\/40"}],"collection":[{"href":"https:\/\/amelievenisse.com\/fr\/wp-json\/wp\/v2\/pages"}],"about":[{"href":"https:\/\/amelievenisse.com\/fr\/wp-json\/wp\/v2\/types\/page"}],"author":[{"embeddable":true,"href":"https:\/\/amelievenisse.com\/fr\/wp-json\/wp\/v2\/users\/1"}],"replies":[{"embeddable":true,"href":"https:\/\/amelievenisse.com\/fr\/wp-json\/wp\/v2\/comments?post=40"}],"version-history":[{"count":35,"href":"https:\/\/amelievenisse.com\/fr\/wp-json\/wp\/v2\/pages\/40\/revisions"}],"predecessor-version":[{"id":802,"href":"https:\/\/amelievenisse.com\/fr\/wp-json\/wp\/v2\/pages\/40\/revisions\/802"}],"wp:attachment":[{"href":"https:\/\/amelievenisse.com\/fr\/wp-json\/wp\/v2\/media?parent=40"}],"curies":[{"name":"wp","href":"https:\/\/api.w.org\/{rel}","templated":true}]}}