{"id":38,"date":"2020-12-28T19:43:25","date_gmt":"2020-12-28T18:43:25","guid":{"rendered":"http:\/\/amelievenisse.com\/?page_id=38"},"modified":"2021-01-12T11:22:08","modified_gmt":"2021-01-12T10:22:08","slug":"biographie","status":"publish","type":"page","link":"https:\/\/amelievenisse.com\/fr\/biographie\/","title":{"rendered":"Biographie"},"content":{"rendered":"<p>[et_pb_section fb_built=&#8221;1&#8243; admin_label=&#8221;section&#8221; _builder_version=&#8221;4.7.7&#8243; background_image=&#8221;http:\/\/amelievenisse.com\/wp-content\/uploads\/2020\/12\/fondBio.gif&#8221; background_position=&#8221;top_center&#8221; custom_margin=&#8221;-80px||0px||false|false&#8221; custom_margin_tablet=&#8221;&#8221; custom_margin_phone=&#8221;0px||0px||false|false&#8221; custom_margin_last_edited=&#8221;on|desktop&#8221; background_last_edited=&#8221;on|phone&#8221; use_background_color_gradient_phone=&#8221;off&#8221; background_color_gradient_start_phone=&#8221;#2b87da&#8221; background_color_gradient_end_phone=&#8221;#29c4a9&#8243; background_image_phone=&#8221;http:\/\/amelievenisse.com\/wp-content\/uploads\/2020\/12\/fondBio.gif&#8221; background_enable_image_phone=&#8221;on&#8221; parallax_phone=&#8221;off&#8221; background_size_phone=&#8221;cover&#8221; background_position_phone=&#8221;center_left&#8221; title_text_phone=&#8221;fondBio&#8221;][et_pb_row _builder_version=&#8221;4.7.7&#8243; _module_preset=&#8221;default&#8221; custom_margin=&#8221;26px||4%||false|false&#8221; custom_padding=&#8221;||0px||false|false&#8221; animation_style=&#8221;fade&#8221; animation_duration=&#8221;1550ms&#8221; animation_delay=&#8221;350ms&#8221; animation_speed_curve=&#8221;ease-in&#8221; hover_enabled=&#8221;0&#8243; background_color_tablet=&#8221;#ffffff&#8221; background_color_phone=&#8221;#ffffff&#8221; background_last_edited=&#8221;on|phone&#8221; background_enable_color_tablet=&#8221;on&#8221; background_enable_color_phone=&#8221;on&#8221; sticky_enabled=&#8221;0&#8243;][et_pb_column type=&#8221;4_4&#8243; _builder_version=&#8221;4.7.7&#8243; _module_preset=&#8221;default&#8221;][et_pb_text _builder_version=&#8221;4.7.7&#8243; _module_preset=&#8221;default&#8221; text_font=&#8221;||||||||&#8221; text_text_color=&#8221;#000000&#8243; text_font_size=&#8221;13px&#8221; header_font=&#8221;Abel||||||||&#8221; header_text_align=&#8221;center&#8221; header_text_color=&#8221;#000000&#8243; header_font_size=&#8221;2em&#8221; background_image=&#8221;http:\/\/amelievenisse.com\/wp-content\/uploads\/2020\/12\/fondtextBio.svg&#8221; background_size=&#8221;contain&#8221; text_orientation=&#8221;center&#8221; max_width=&#8221;90%&#8221; module_alignment=&#8221;center&#8221; custom_margin=&#8221;0px|0px|0px|0px|false|false&#8221; custom_padding=&#8221;10%|5%|20%|5%|false|true&#8221;]<\/p>\n<h1 class=\"ydp17c37875MsoNormal\" style=\"text-align: center;\"><strong>Am\u00e9lie Venisse<\/strong><\/h1>\n<p>&nbsp;<\/p>\n<p class=\"ydp17c37875MsoNormal\" style=\"text-align: justify;\">Trap\u00e9ziste en ballant dipl\u00f4m\u00e9e de l&#8217;Ecole Sup\u00e9rieure des Arts du Cirque de Bruxelles en juin 2005, Am\u00e9lie Venisse tend depuis toujours \u00e0 int\u00e9grer le clown dans son travail.<br \/> En 2006, elle remporte le prix Annie Fratellini au Festival Mondial du Cirque avec son personnage Mademoiselle Cerise.<br \/> \u00c9galement prim\u00e9e au festival Solycirco en 2009, Am\u00e9lie<b> <\/b>se produit sur de nombreuses sc\u00e8nes et cabarets en France et \u00e0 l\u2019\u00e9tranger (GOP, Wintergarten, la TOHU&#8230;), seule ou en duo avec son fr\u00e8re Anthony.<\/p>\n<p class=\"ydp17c37875MsoNormal\" style=\"text-align: justify;\">C\u2019est \u00e0 la magie d\u2019entrer dans son univers artistique. Elle tourne \u00e0 l\u2019international depuis 2016 un num\u00e9ro de quick-change et suit la formation de Magie Nouvelle au CNAC \u00e0 Ch\u00e2lon-en-Champagne sous la direction de Rapha\u00ebl Navarro et Valentine Losseau de 2018 \u00e0 2021.<\/p>\n<p class=\"ydp17c37875MsoNormal\" style=\"text-align: justify;\">Parall\u00e8lement \u00e0 sa carri\u00e8re de circassienne, Am\u00e9lie est auteur-compositeur et interpr\u00e8te en chant et accord\u00e9on<br \/> pour le duo \u00ab\u00a0les Folles<b> <\/b>de L\u00e9on\u00a0\u00bb.<\/p>\n<p class=\"ydp17c37875MsoNormal\" style=\"text-align: justify;\">Elle s\u2019occupe \u00e9galement de la programmation du festival D\u00e9tours en Tournugeois (cirque, arts de la rue, concerts&#8230;)<br \/> en Sa\u00f4ne-et-Loire avec Quentin Marotine depuis plusieurs ann\u00e9es.<\/p>\n<p class=\"ydp17c37875MsoNormal\" style=\"text-align: justify;\">[\/et_pb_text][\/et_pb_column][\/et_pb_row][\/et_pb_section]<\/p>\n","protected":false},"excerpt":{"rendered":"<p>[et_pb_section fb_built=&#8221;1&#8243; admin_label=&#8221;section&#8221; _builder_version=&#8221;4.7.7&#8243; background_image=&#8221;http:\/\/amelievenisse.com\/wp-content\/uploads\/2020\/12\/fondBio.gif&#8221; background_position=&#8221;top_center&#8221; custom_margin=&#8221;-80px||0px||false|false&#8221; custom_margin_tablet=&#8221;&#8221; custom_margin_phone=&#8221;0px||0px||false|false&#8221; custom_margin_last_edited=&#8221;on|desktop&#8221; background_last_edited=&#8221;on|phone&#8221; use_background_color_gradient_phone=&#8221;off&#8221; background_color_gradient_start_phone=&#8221;#2b87da&#8221; background_color_gradient_end_phone=&#8221;#29c4a9&#8243; background_image_phone=&#8221;http:\/\/amelievenisse.com\/wp-content\/uploads\/2020\/12\/fondBio.gif&#8221; background_enable_image_phone=&#8221;on&#8221; parallax_phone=&#8221;off&#8221; background_size_phone=&#8221;cover&#8221; background_position_phone=&#8221;center_left&#8221; title_text_phone=&#8221;fondBio&#8221;][et_pb_row _builder_version=&#8221;4.7.7&#8243; _module_preset=&#8221;default&#8221; custom_margin=&#8221;26px||4%||false|false&#8221; custom_padding=&#8221;||0px||false|false&#8221; animation_style=&#8221;fade&#8221; animation_duration=&#8221;1550ms&#8221; animation_delay=&#8221;350ms&#8221; animation_speed_curve=&#8221;ease-in&#8221; hover_enabled=&#8221;0&#8243; background_color_tablet=&#8221;#ffffff&#8221; [&hellip;]<\/p>\n","protected":false},"author":1,"featured_media":0,"parent":0,"menu_order":0,"comment_status":"closed","ping_status":"closed","template":"","meta":{"_et_pb_use_builder":"on","_et_pb_old_content":"<!-- wp:divi\/placeholder \/-->","_et_gb_content_width":""},"yoast_head":"<!-- This site is optimized with the Yoast SEO plugin v15.7 - https:\/\/yoast.com\/wordpress\/plugins\/seo\/ -->\n<title>Biographie - Am\u00e9lie Venisse<\/title>\n<meta name=\"robots\" content=\"index, follow, max-snippet:-1, max-image-preview:large, max-video-preview:-1\" \/>\n<link rel=\"canonical\" href=\"https:\/\/amelievenisse.com\/fr\/biographie\/\" \/>\n<meta property=\"og:locale\" content=\"fr_FR\" \/>\n<meta property=\"og:type\" content=\"article\" \/>\n<meta property=\"og:title\" content=\"Biographie - Am\u00e9lie Venisse\" \/>\n<meta property=\"og:description\" content=\"[et_pb_section fb_built=&#8221;1&#8243; admin_label=&#8221;section&#8221; _builder_version=&#8221;4.7.7&#8243; background_image=&#8221;http:\/\/amelievenisse.com\/wp-content\/uploads\/2020\/12\/fondBio.gif&#8221; background_position=&#8221;top_center&#8221; custom_margin=&#8221;-80px||0px||false|false&#8221; custom_margin_tablet=&#8221;&#8221; custom_margin_phone=&#8221;0px||0px||false|false&#8221; custom_margin_last_edited=&#8221;on|desktop&#8221; background_last_edited=&#8221;on|phone&#8221; use_background_color_gradient_phone=&#8221;off&#8221; background_color_gradient_start_phone=&#8221;#2b87da&#8221; background_color_gradient_end_phone=&#8221;#29c4a9&#8243; background_image_phone=&#8221;http:\/\/amelievenisse.com\/wp-content\/uploads\/2020\/12\/fondBio.gif&#8221; background_enable_image_phone=&#8221;on&#8221; parallax_phone=&#8221;off&#8221; background_size_phone=&#8221;cover&#8221; background_position_phone=&#8221;center_left&#8221; title_text_phone=&#8221;fondBio&#8221;][et_pb_row _builder_version=&#8221;4.7.7&#8243; _module_preset=&#8221;default&#8221; custom_margin=&#8221;26px||4%||false|false&#8221; custom_padding=&#8221;||0px||false|false&#8221; animation_style=&#8221;fade&#8221; animation_duration=&#8221;1550ms&#8221; animation_delay=&#8221;350ms&#8221; animation_speed_curve=&#8221;ease-in&#8221; hover_enabled=&#8221;0&#8243; background_color_tablet=&#8221;#ffffff&#8221; [&hellip;]\" \/>\n<meta property=\"og:url\" content=\"https:\/\/amelievenisse.com\/fr\/biographie\/\" \/>\n<meta property=\"og:site_name\" content=\"Am\u00e9lie Venisse\" \/>\n<meta property=\"article:modified_time\" content=\"2021-01-12T10:22:08+00:00\" \/>\n<meta name=\"twitter:card\" content=\"summary_large_image\" \/>\n<meta name=\"twitter:label1\" content=\"Dur\u00e9e de lecture est.\">\n\t<meta name=\"twitter:data1\" content=\"2 minutes\">\n<script type=\"application\/ld+json\" class=\"yoast-schema-graph\">{\"@context\":\"https:\/\/schema.org\",\"@graph\":[{\"@type\":[\"Person\",\"Organization\"],\"@id\":\"https:\/\/amelievenisse.com\/fr\/#\/schema\/person\/66c68ba51654cd26f76e98f385b198f2\",\"name\":\"Am\\u00e9lie Venisse\",\"image\":{\"@type\":\"ImageObject\",\"@id\":\"https:\/\/amelievenisse.com\/fr\/#personlogo\",\"inLanguage\":\"fr-FR\",\"url\":\"https:\/\/secure.gravatar.com\/avatar\/cb783074550989b2a50916b1a5129942?s=96&d=mm&r=g\",\"caption\":\"Am\\u00e9lie Venisse\"},\"logo\":{\"@id\":\"https:\/\/amelievenisse.com\/fr\/#personlogo\"},\"sameAs\":[\"http:\/\/amelievenisse.com\"]},{\"@type\":\"WebSite\",\"@id\":\"https:\/\/amelievenisse.com\/fr\/#website\",\"url\":\"https:\/\/amelievenisse.com\/fr\/\",\"name\":\"Am\\u00e9lie Venisse\",\"description\":\"Artiste de cabaret\",\"publisher\":{\"@id\":\"https:\/\/amelievenisse.com\/fr\/#\/schema\/person\/66c68ba51654cd26f76e98f385b198f2\"},\"potentialAction\":[{\"@type\":\"SearchAction\",\"target\":\"https:\/\/amelievenisse.com\/fr\/?s={search_term_string}\",\"query-input\":\"required name=search_term_string\"}],\"inLanguage\":\"fr-FR\"},{\"@type\":\"WebPage\",\"@id\":\"https:\/\/amelievenisse.com\/fr\/biographie\/#webpage\",\"url\":\"https:\/\/amelievenisse.com\/fr\/biographie\/\",\"name\":\"Biographie - Am\\u00e9lie Venisse\",\"isPartOf\":{\"@id\":\"https:\/\/amelievenisse.com\/fr\/#website\"},\"datePublished\":\"2020-12-28T18:43:25+00:00\",\"dateModified\":\"2021-01-12T10:22:08+00:00\",\"inLanguage\":\"fr-FR\",\"potentialAction\":[{\"@type\":\"ReadAction\",\"target\":[\"https:\/\/amelievenisse.com\/fr\/biographie\/\"]}]}]}<\/script>\n<!-- \/ Yoast SEO plugin. -->","_links":{"self":[{"href":"https:\/\/amelievenisse.com\/fr\/wp-json\/wp\/v2\/pages\/38"}],"collection":[{"href":"https:\/\/amelievenisse.com\/fr\/wp-json\/wp\/v2\/pages"}],"about":[{"href":"https:\/\/amelievenisse.com\/fr\/wp-json\/wp\/v2\/types\/page"}],"author":[{"embeddable":true,"href":"https:\/\/amelievenisse.com\/fr\/wp-json\/wp\/v2\/users\/1"}],"replies":[{"embeddable":true,"href":"https:\/\/amelievenisse.com\/fr\/wp-json\/wp\/v2\/comments?post=38"}],"version-history":[{"count":17,"href":"https:\/\/amelievenisse.com\/fr\/wp-json\/wp\/v2\/pages\/38\/revisions"}],"predecessor-version":[{"id":751,"href":"https:\/\/amelievenisse.com\/fr\/wp-json\/wp\/v2\/pages\/38\/revisions\/751"}],"wp:attachment":[{"href":"https:\/\/amelievenisse.com\/fr\/wp-json\/wp\/v2\/media?parent=38"}],"curies":[{"name":"wp","href":"https:\/\/api.w.org\/{rel}","templated":true}]}}